{"id":184,"date":"2024-08-11T19:24:27","date_gmt":"2024-08-11T19:24:27","guid":{"rendered":"https:\/\/mettehejn.dk\/?page_id=184"},"modified":"2024-08-12T08:31:42","modified_gmt":"2024-08-12T08:31:42","slug":"science-on-stage","status":"publish","type":"page","link":"https:\/\/mettehejn.dk\/index.php\/science-on-stage\/","title":{"rendered":"Science on Stage"},"content":{"rendered":"\n<p>Jeg skal Finland og repr\u00e6sentere Danmark ved Science on Stage 2024. Det er en europ\u00e6isk naturfagskonference, hvor en del lande stiller om med forskellige undervisningsprojekter.<\/p>\n\n\n\n<p>Jeg deltager med ovenst\u00e5ende projekt.<\/p>\n\n\n\n<div style=\"height:44px\" aria-hidden=\"true\" class=\"wp-block-spacer\"><\/div>\n\n\n\n<p class=\"has-text-align-center\"> <strong>&#8212;- The English version is found below &#8212;-<\/strong><\/p>\n\n\n\n<div style=\"height:44px\" aria-hidden=\"true\" class=\"wp-block-spacer\"><\/div>\n\n\n\n<h2 class=\"wp-block-heading\">Forl\u00f8bet<\/h2>\n\n\n\n<p><strong>Form\u00e5let:<\/strong> Projektet er et engineering-projekt, hvor indskolingselever f\u00e5r kendskab til en forsimpelt engineering-proces gennem en udfordring, som skal l\u00f8ses. Her er der fokus p\u00e5 raketbygning.<\/p>\n\n\n\n<div style=\"height:5px\" aria-hidden=\"true\" class=\"wp-block-spacer\"><\/div>\n\n\n\n<p><strong>Udfordringen:<\/strong> Byg en raket, som kan sende Andreas Mogensen i oml\u00f8b om jorden. N\u00e5r den affyres skal det kunne flyve s\u00e5 langt og s\u00e5 h\u00f8jt som muligt.<\/p>\n\n\n\n<div style=\"height:5px\" aria-hidden=\"true\" class=\"wp-block-spacer\"><\/div>\n\n\n\n<p><strong>F\u00f8rste unders\u00f8gelse:<\/strong> Her skal eleverne kigge n\u00e6rmere p\u00e5 materialerne og affyringsrampen. Hvilke materialer vil v\u00e6re gode at bruge til deres raket, og hvordan kan den passe p\u00e5 affyringsrampen.<\/p>\n\n\n\n<div style=\"height:5px\" aria-hidden=\"true\" class=\"wp-block-spacer\"><\/div>\n\n\n\n<p><strong>Designplan:<\/strong> Eleverne udfylder designplanen, her skal materialevalg beskrives og der skal tegnes en skitse af den raket de vil bygge.<\/p>\n\n\n\n<div style=\"height:5px\" aria-hidden=\"true\" class=\"wp-block-spacer\"><\/div>\n\n\n\n<p><strong>Engineering-processen:<\/strong> Herefter arbejder hver gruppe med deres raketbygning gennem engineering-processen. Hvor de ideudvikler, konstruerer, unders\u00f8ger og forbedre.<\/p>\n\n\n\n<p>Gennem brug af slowmotion-video observerer eleverne p\u00e5 deres raketaffyring, som bruges i unders\u00f8gelsesfaserne.<\/p>\n\n\n\n<div style=\"height:5px\" aria-hidden=\"true\" class=\"wp-block-spacer\"><\/div>\n\n\n\n<p><strong>Fort\u00e6l til andre:<\/strong> Som afslutning p\u00e5 dette projekt har eleverne skulle arbejde med en gruppe fra 0. klasserne. Her skulle de formidle engineering-processen ved at vise deres egen raket, og hj\u00e6lpe med at bygge nye raketter med eleverne fra 0. klasse.<\/p>\n\n\n\n<div style=\"height:44px\" aria-hidden=\"true\" class=\"wp-block-spacer\"><\/div>\n\n\n\n<h2 class=\"wp-block-heading\">The project<\/h2>\n\n\n\n<p><strong>Purpose:<\/strong> The project is an engineering project where elementary school students are introduced to a simplified engineering process through a challenge that needs to be solved. The focus here is on rocket building.<\/p>\n\n\n\n<div style=\"height:5px\" aria-hidden=\"true\" class=\"wp-block-spacer\"><\/div>\n\n\n\n<p><strong>The Challenge:<\/strong> Build a rocket that can send Andreas Mogensen into orbit around the Earth. When launched, it should be able to fly as far and as high as possible.<\/p>\n\n\n\n<div style=\"height:5px\" aria-hidden=\"true\" class=\"wp-block-spacer\"><\/div>\n\n\n\n<p><strong>Initial Investigation:<\/strong> Here, the students will take a closer look at the materials and the launch pad. Which materials would be good to use for their rocket, and how can it fit onto the launch pad?<\/p>\n\n\n\n<div style=\"height:5px\" aria-hidden=\"true\" class=\"wp-block-spacer\"><\/div>\n\n\n\n<p><strong>Design Plan:<\/strong> The students fill out the design plan, where they must describe their material choices and draw a sketch of the rocket they intend to build.<\/p>\n\n\n\n<div style=\"height:5px\" aria-hidden=\"true\" class=\"wp-block-spacer\"><\/div>\n\n\n\n<p><strong>The Engineering Process: <\/strong>Each group then works on building their rocket through the engineering process, where they brainstorm, construct, investigate, and improve.<\/p>\n\n\n\n<p>Using slow-motion video, the students observe their rocket launch, which help them during the investigations.<\/p>\n\n\n\n<div style=\"height:5px\" aria-hidden=\"true\" class=\"wp-block-spacer\"><\/div>\n\n\n\n<p><strong>Share with Others: <\/strong>To conclude this project, the students worked with a group of kindergarteners. They were tasked with explaining the engineering process by showcasing their own rocket and helping the younger students build new rockets.<\/p>\n","protected":false},"excerpt":{"rendered":"<p>Jeg skal Finland og repr\u00e6sentere Danmark ved Science on Stage 2024. Det er en europ\u00e6isk naturfagskonference, hvor en del lande stiller om med forskellige undervisningsprojekter. Jeg deltager med ovenst\u00e5ende projekt. &#8212;- The English version is found below &#8212;- Forl\u00f8bet Form\u00e5let: Projektet er et engineering-projekt, hvor indskolingselever f\u00e5r kendskab til en forsimpelt engineering-proces gennem en udfordring, [&hellip;]<\/p>\n","protected":false},"author":1,"featured_media":198,"parent":0,"menu_order":0,"comment_status":"closed","ping_status":"closed","template":"","meta":{"footnotes":""},"class_list":["post-184","page","type-page","status-publish","has-post-thumbnail","hentry"],"_links":{"self":[{"href":"https:\/\/mettehejn.dk\/index.php\/wp-json\/wp\/v2\/pages\/184","targetHints":{"allow":["GET"]}}],"collection":[{"href":"https:\/\/mettehejn.dk\/index.php\/wp-json\/wp\/v2\/pages"}],"about":[{"href":"https:\/\/mettehejn.dk\/index.php\/wp-json\/wp\/v2\/types\/page"}],"author":[{"embeddable":true,"href":"https:\/\/mettehejn.dk\/index.php\/wp-json\/wp\/v2\/users\/1"}],"replies":[{"embeddable":true,"href":"https:\/\/mettehejn.dk\/index.php\/wp-json\/wp\/v2\/comments?post=184"}],"version-history":[{"count":5,"href":"https:\/\/mettehejn.dk\/index.php\/wp-json\/wp\/v2\/pages\/184\/revisions"}],"predecessor-version":[{"id":202,"href":"https:\/\/mettehejn.dk\/index.php\/wp-json\/wp\/v2\/pages\/184\/revisions\/202"}],"wp:featuredmedia":[{"embeddable":true,"href":"https:\/\/mettehejn.dk\/index.php\/wp-json\/wp\/v2\/media\/198"}],"wp:attachment":[{"href":"https:\/\/mettehejn.dk\/index.php\/wp-json\/wp\/v2\/media?parent=184"}],"curies":[{"name":"wp","href":"https:\/\/api.w.org\/{rel}","templated":true}]}}