{"id":186,"date":"2024-08-11T19:25:03","date_gmt":"2024-08-11T19:25:03","guid":{"rendered":"https:\/\/mettehejn.dk\/?page_id=186"},"modified":"2024-08-13T09:57:19","modified_gmt":"2024-08-13T09:57:19","slug":"klimavenlige-vaner","status":"publish","type":"page","link":"https:\/\/mettehejn.dk\/index.php\/klimavenlige-vaner\/","title":{"rendered":"Bliv Klog p\u00e5 Klimavenlige Vaner"},"content":{"rendered":"\n<p>Jeg har v\u00e6ret med til at udvikle materialet &#8220;Bliv Klog p\u00e5 Klimavenlige Vaner&#8221;<\/p>\n\n\n\n<p>Materialet s\u00e6tter fokus p\u00e5 klimap\u00e5virkningen fra mad, elektronik og t\u00f8j med afs\u00e6t i eleven selv samt praktiske aktiviteter, explainer-videoer og korte fagtekster.&nbsp;<\/p>\n\n\n\n<p>Eleverne kl\u00e6des p\u00e5 til selv at agere forskere for at blive klogere p\u00e5 &#8211; og udfordre &#8211; egne og andres forbrugsvaner med udgangspunkt i&nbsp;den ny forskning og viden om emnerne.<\/p>\n\n\n\n<div style=\"height:10px\" aria-hidden=\"true\" class=\"wp-block-spacer\"><\/div>\n\n\n\n<p>Find det <a href=\"https:\/\/concito.dk\/klimavenligevaner\" target=\"_blank\" rel=\"noreferrer noopener\">her<\/a><\/p>\n\n\n\n<p><\/p>\n\n\n\n<p><\/p>\n","protected":false},"excerpt":{"rendered":"<p>Jeg har v\u00e6ret med til at udvikle materialet &#8220;Bliv Klog p\u00e5 Klimavenlige Vaner&#8221; Materialet s\u00e6tter fokus p\u00e5 klimap\u00e5virkningen fra mad, elektronik og t\u00f8j med afs\u00e6t i eleven selv samt praktiske aktiviteter, explainer-videoer og korte fagtekster.&nbsp; Eleverne kl\u00e6des p\u00e5 til selv at agere forskere for at blive klogere p\u00e5 &#8211; og udfordre &#8211; egne og andres [&hellip;]<\/p>\n","protected":false},"author":1,"featured_media":0,"parent":0,"menu_order":0,"comment_status":"closed","ping_status":"closed","template":"","meta":{"footnotes":""},"class_list":["post-186","page","type-page","status-publish","hentry"],"_links":{"self":[{"href":"https:\/\/mettehejn.dk\/index.php\/wp-json\/wp\/v2\/pages\/186","targetHints":{"allow":["GET"]}}],"collection":[{"href":"https:\/\/mettehejn.dk\/index.php\/wp-json\/wp\/v2\/pages"}],"about":[{"href":"https:\/\/mettehejn.dk\/index.php\/wp-json\/wp\/v2\/types\/page"}],"author":[{"embeddable":true,"href":"https:\/\/mettehejn.dk\/index.php\/wp-json\/wp\/v2\/users\/1"}],"replies":[{"embeddable":true,"href":"https:\/\/mettehejn.dk\/index.php\/wp-json\/wp\/v2\/comments?post=186"}],"version-history":[{"count":10,"href":"https:\/\/mettehejn.dk\/index.php\/wp-json\/wp\/v2\/pages\/186\/revisions"}],"predecessor-version":[{"id":203,"href":"https:\/\/mettehejn.dk\/index.php\/wp-json\/wp\/v2\/pages\/186\/revisions\/203"}],"wp:attachment":[{"href":"https:\/\/mettehejn.dk\/index.php\/wp-json\/wp\/v2\/media?parent=186"}],"curies":[{"name":"wp","href":"https:\/\/api.w.org\/{rel}","templated":true}]}}